{"id":41,"date":"2017-08-01T16:29:52","date_gmt":"2017-08-01T14:29:52","guid":{"rendered":"http:\/\/valeriehount.com\/ctm_blog\/?page_id=41"},"modified":"2018-04-12T04:58:01","modified_gmt":"2018-04-12T02:58:01","slug":"mentions-legales","status":"publish","type":"page","link":"http:\/\/valeriehount.com\/ctm_blog\/mentions-legales\/","title":{"rendered":"Mentions l\u00e9gales"},"content":{"rendered":"<p>&nbsp;<\/p>\n<p>&nbsp;<\/p>\n<p>Le pr\u00e9sent site est \u00e9dit\u00e9 par Val\u00e9rie Hountch\u00e9gnon.<br \/>\nMicroentreprise :<br \/>\n15 rue la Fontaine 75008 Paris<br \/>\nSIREN : 333 555 666 RCS PARIS<br \/>\nT\u00e9l : 01.11.11.11.11<br \/>\nDirecteur de la publication : Val\u00e9rie HOUNTCHEGNON<br \/>\nInformations relatives \u00e0 l&rsquo;h\u00e9bergeur : OVH<br \/>\n2 rue Kellermann 59100 Roubaix France<\/p>\n<p>&nbsp;<\/p>\n<h3>Recommandations pour la visualisation\u00a0 et informations techniques<\/h3>\n<p>Accessibilit\u00e9 au site 24 heures sur 24 et 7 jours sur 7 sauf cas de force majeure, difficult\u00e9s informatiques, difficult\u00e9s li\u00e9es \u00e0 la structure des r\u00e9seaux de communication ou difficult\u00e9 d&rsquo;ordre.<\/p>\n<p>&nbsp;<\/p>\n<h3>1\/ Informations<\/h3>\n<p>Le<strong> Blog du Content Manager<\/strong> fait les meilleurs efforts pour assurer l&rsquo;exactitude de l&rsquo;ensemble des informations mises \u00e0 la disposition des visiteurs blogducontentmanager.com, exactitude qu&rsquo;elle ne peut cependant garantir, l&rsquo;internaute \u00e9tant invit\u00e9 \u00e0 utiliser ces informations avec discernement et esprit critique. Les informations signal\u00e9es comme contenant des inexactitudes juridiques, techniques, des erreurs typographiques ou comme \u00e9tant incompl\u00e8tes feront l&rsquo;objet d&rsquo;un traitement sans d\u00e9lais par le <strong>Blog du Content Manager<\/strong>. Pour ce faire, vous pouvez contacter notre chef de projet Web, remplissez le formulaire de contact ici.<\/p>\n<p>&nbsp;<\/p>\n<h3>2\/ Services<\/h3>\n<p>Les informations contenues dans le site sont fournies par la responsable de la publication du <strong>Blog du Content Manager<\/strong>. Le blog est juridiquement et financi\u00e8rement ind\u00e9pendant et vous communique ces informations sous sa seule et enti\u00e8re responsabilit\u00e9.<\/p>\n<p>Le<strong> Blog du Content Manager<\/strong> ne saurait en cons\u00e9quence \u00eatre tenue pour responsable \u00e0 quelque titre que ce soit du fait de l&rsquo;inexactitude que pourraient contenir les informations relatives \u00e0 la curation d&rsquo;articles de tiers figurant sur le pr\u00e9sent site.<\/p>\n<p>&nbsp;<\/p>\n<h3>3\/ Services Compl\u00e9mentaires<\/h3>\n<p>Les partenaires pr\u00e9sent\u00e9s sur le site sont reconnus pour la qualit\u00e9 de leur offre et de leurs services, qualit\u00e9 que le <strong>Blog du Content Manager<\/strong> , juridiquement ind\u00e9pendant, ne peut toutefois garantir.<br \/>\nLe <strong>Blog du Content Manager<\/strong>ne pourra \u00eatre tenu responsable, \u00e0 raison de la pr\u00e9sentation des services de ses partenaires sur le pr\u00e9sent site, services qu&rsquo;elle ne propose pas \u00e0 la vente, ou \u00e0 raison d&rsquo;un quelconque manquement desdits partenaires \u00e0 leurs obligations dans le cas o\u00f9 un internaute aurait d\u00e9cid\u00e9 de recourir \u00e0 leurs services, tout internaute \u00e9tant invit\u00e9 \u00e0 se renseigner plus amplement avant de recourir aux services desdits partenaires.<\/p>\n<h3>4\/ Liens<\/h3>\n<p>Certains liens hypertextes pr\u00e9sents sur le site vous dirigent vers des sites \u00e9dit\u00e9s par des tiers. L&rsquo;existence d&rsquo;un lien du pr\u00e9sent site vers d&rsquo;autres sites ne constitue pas une validation par le <strong>Blog du Content Manager<\/strong> de ces sites ou de leur contenu. Il appartient \u00e0 l&rsquo;internaute d&rsquo;utiliser les informations contenues dans ces sites avec discernement et esprit critique. le <strong>Blog du Content Manager<\/strong> ne pourra \u00eatre tenue responsable \u00e0 raison du contenu de ces sites ou \u00e0 raison de leur r\u00e9f\u00e9rencement. Elle ne pourra pas plus \u00eatre tenue pour responsable d&rsquo;un d\u00e9faut d&rsquo;acc\u00e8s ou de fonctionnement de ces sites, leur acc\u00e8s technique comme leur bon fonctionnement n&rsquo;\u00e9tant pas garantis.<\/p>\n<p>&nbsp;<\/p>\n<h3>5\/ Informatique et libert\u00e9s<\/h3>\n<p>Conform\u00e9ment \u00e0 la loi n\u00b0 78-17 du 6 janvier 1978 relative \u00e0 l&rsquo;informatique, aux fichiers et aux libert\u00e9s, le site www.century21.fr a fait l&rsquo;objet d&rsquo;une d\u00e9claration aupr\u00e8s de la Commission nationale informatique et libert\u00e9s (CNIL). <a href=\"http:\/\/cnil.fr\" target=\"_blank\" rel=\"noopener\">D\u00e9claration N\u00b0 1177777<\/a>.<\/p>\n<p>Les informations nominatives que CTM Immo est amen\u00e9 \u00e0 recueillir proviennent de l&rsquo;enregistrement volontaire de ces informations sur nos formulaires de contact. Conform\u00e9ment \u00e0 l&rsquo;article 32 de cette m\u00eame loi, les informations indispensables \u00e0 CTM Immo pour traiter et ex\u00e9cuter vos demandes, vous sont signal\u00e9es par un ast\u00e9risque (*) dans nos pages. Les autres informations demand\u00e9es, pour lesquelles la r\u00e9ponse est facultative, sont destin\u00e9es \u00e0 mieux vous conna\u00eetre et ainsi \u00e0 am\u00e9liorer les services propos\u00e9s. En application des articles 39 et 40 de cette m\u00eame loi, vous disposez d&rsquo;un droit d&rsquo;acc\u00e8s, de modification, de rectification et de suppression des donn\u00e9es qui vous concernent. Vous pouvez, \u00e0 tout moment, exercer ce droit en vous adressant \u00e0 : <strong>Blog du Content Manager<\/strong>, rue La Fontaine 75008 Paris par t\u00e9l\u00e9phone au 01 66 66 66 66 ou par mail \u00e0 l\u2019adresse \u00e9lectronique suivante : <a href=\"mailto:contact@ctm-immo.fr\" target=\"_blank\" rel=\"noopener\">contact@blogducontentmanager.com<\/a><\/p>\n<p>Si l&rsquo;utilisateur demande des informations sur les annonces et services, sa demande sera trait\u00e9e par le <strong>Blog du Content Manager<\/strong> dont il d\u00e9pend g\u00e9ographiquement.<\/p>\n<p>Le titulaire dispose d&rsquo;un droit d&rsquo;acc\u00e8s, de modification, de rectification et de suppression pour toute information le concernant aupr\u00e8s de l&rsquo;agence qui traite les informations qu&rsquo;il a communiqu\u00e9es.<\/p>\n<p>Si l&rsquo;utilisateur communique son adresse \u00e9lectronique ou son num\u00e9ro de fax, l&rsquo;agence sera conduite \u00e0 solliciter son consentement expr\u00e8s et pr\u00e9alable \u00e0 recevoir par courrier \u00e9lectronique ou par fax des informations commerciales et publicitaires concernant les produits et services de l&rsquo;agence.<\/p>\n<p>Si l&rsquo;utilisateur communique son num\u00e9ro de t\u00e9l\u00e9phone ou son adresse postale, l&rsquo;agence peut \u00eatre conduite \u00e0 lui proposer par t\u00e9l\u00e9phone ou par courrier postal des informations commerciales et publicitaires concernant les produits et services de l&rsquo;agence. L&rsquo;utilisateur a la possibilit\u00e9 de s&rsquo;y opposer en adressant un courrier aupr\u00e8s de l&rsquo;agence qui a collect\u00e9 les donn\u00e9es communiqu\u00e9es par l&rsquo;utilisateur.<\/p>\n<p>&nbsp;<\/p>\n<h3>6\/ Adresses IP<\/h3>\n<p>Nous collectons les adresses IP des internautes qui visitent notre site \u00e0 des fins de statistiques et en cas d&rsquo;abus, afin de r\u00e9pondre aux demandes d&rsquo;informations des autorit\u00e9s comp\u00e9tentes.<\/p>\n<p>&nbsp;<\/p>\n<h3>7\/ Cookies<\/h3>\n<p>Les ordinateurs se connectant aux serveurs du site re\u00e7oivent sur leur disque dur un ou plusieurs fichiers au format texte tr\u00e8s l\u00e9gers appel\u00e9s commun\u00e9ment \u00a0\u00bb Cookies \u00ab\u00a0. Les cookies enregistrent des informations relatives \u00e0 la navigation sur le site effectu\u00e9e \u00e0 partir de l&rsquo;ordinateur sur lequel est stock\u00e9 le \u00ab\u00a0cookie\u00a0\u00bb (les pages consult\u00e9es, la date et l&rsquo;heure de la consultation, etc.). Ils permettent d&rsquo;identifier les visites successives faites \u00e0 partir d&rsquo;un m\u00eame ordinateur.<\/p>\n<p>&nbsp;<\/p>\n<h3>8\/ Propri\u00e9t\u00e9 intellectuelle<\/h3>\n<p>L&rsquo;int\u00e9gralit\u00e9 du contenu (textes, images, donn\u00e9es, graphiques, bandes sonores,&#8230;) et la forme du pr\u00e9sent site rel\u00e8ve de la l\u00e9gislation internationale sur le droit d&rsquo;auteur, le droit des marques et, de fa\u00e7on g\u00e9n\u00e9rale, sur la propri\u00e9t\u00e9 intellectuelle, et sont la propri\u00e9t\u00e9 exclusive de CTM Immo .<\/p>\n<p>Toute reproduction, repr\u00e9sentation ou diffusion, totale ou partielle des pages, donn\u00e9es ou de tout autre \u00e9l\u00e9ment du pr\u00e9sent site internet sur quelque support et par quelque proc\u00e9d\u00e9 que ce soit, sans l&rsquo;autorisation expresse du <strong>Blog du Content Manager <\/strong>est interdite. Le non-respect de cette interdiction constitue une contrefa\u00e7on susceptible d&rsquo;engager la responsabilit\u00e9 civile et p\u00e9nale du contrefacteur.<\/p>\n<p>Il est strictement interdit d&rsquo;utiliser ou de reproduire le nom le <strong>Blog du Content Manager<\/strong> ou son logo, seuls ou associ\u00e9s, \u00e0 quelque titre que ce soit, notamment \u00e0 des fins publicitaires, sans l&rsquo;accord pr\u00e9alable \u00e9crit du <strong>Blog du Content Manager<\/strong>.<\/p>\n<p>&nbsp;<\/p>\n<h3>9\/ Loi applicable<\/h3>\n<p>Le contenu du pr\u00e9sent site est soumis au droit fran\u00e7ais. Le <strong>Blog du Content Manager <\/strong>se r\u00e9serve le droit \u00e0 tout moment d&rsquo;en modifier tout ou partie du contenu. Tout litige concernant son contenu comme son utilisation et les recours susceptibles d&rsquo;en d\u00e9couler est soumis \u00e0 la comp\u00e9tence exclusive des tribunaux fran\u00e7ais.<\/p>\n<span class=\"et_bloom_bottom_trigger\"><\/span>","protected":false},"excerpt":{"rendered":"<p>&nbsp; &nbsp; Le pr\u00e9sent site est \u00e9dit\u00e9 par Val\u00e9rie Hountch\u00e9gnon. Microentreprise : 15 rue la Fontaine 75008 Paris SIREN : 333 555 666 RCS PARIS T\u00e9l : 01.11.11.11.11 Directeur de la publication : Val\u00e9rie HOUNTCHEGNON Informations relatives \u00e0 l&rsquo;h\u00e9bergeur : OVH 2 rue Kellermann 59100 Roubaix France &nbsp; Recommandations pour la visualisation\u00a0 et informations techniques [&hellip;]<\/p>\n","protected":false},"author":1,"featured_media":779,"parent":0,"menu_order":0,"comment_status":"closed","ping_status":"closed","template":"page-full.php","meta":{"footnotes":""},"class_list":["post-41","page","type-page","status-publish","has-post-thumbnail","hentry"],"_links":{"self":[{"href":"http:\/\/valeriehount.com\/ctm_blog\/wp-json\/wp\/v2\/pages\/41","targetHints":{"allow":["GET"]}}],"collection":[{"href":"http:\/\/valeriehount.com\/ctm_blog\/wp-json\/wp\/v2\/pages"}],"about":[{"href":"http:\/\/valeriehount.com\/ctm_blog\/wp-json\/wp\/v2\/types\/page"}],"author":[{"embeddable":true,"href":"http:\/\/valeriehount.com\/ctm_blog\/wp-json\/wp\/v2\/users\/1"}],"replies":[{"embeddable":true,"href":"http:\/\/valeriehount.com\/ctm_blog\/wp-json\/wp\/v2\/comments?post=41"}],"version-history":[{"count":3,"href":"http:\/\/valeriehount.com\/ctm_blog\/wp-json\/wp\/v2\/pages\/41\/revisions"}],"predecessor-version":[{"id":781,"href":"http:\/\/valeriehount.com\/ctm_blog\/wp-json\/wp\/v2\/pages\/41\/revisions\/781"}],"wp:featuredmedia":[{"embeddable":true,"href":"http:\/\/valeriehount.com\/ctm_blog\/wp-json\/wp\/v2\/media\/779"}],"wp:attachment":[{"href":"http:\/\/valeriehount.com\/ctm_blog\/wp-json\/wp\/v2\/media?parent=41"}],"curies":[{"name":"wp","href":"https:\/\/api.w.org\/{rel}","templated":true}]}}