{"id":31,"date":"2017-08-01T16:22:37","date_gmt":"2017-08-01T14:22:37","guid":{"rendered":"http:\/\/valeriehount.com\/ctm_blog\/?page_id=31"},"modified":"2018-04-12T05:38:29","modified_gmt":"2018-04-12T03:38:29","slug":"role-content-manager","status":"publish","type":"page","link":"http:\/\/valeriehount.com\/ctm_blog\/role-content-manager\/","title":{"rendered":"Le R\u00f4le du Content Manager"},"content":{"rendered":"<p>Le r\u00f4le du Content Manager a pris de l&rsquo;ampleur ces derni\u00e8res ann\u00e9es avec l&rsquo;importante progression du Web des donn\u00e9es. Le contenu est devenu une valeur essentielle dans la communication sur les M\u00e9dias Sociaux.<!--more--><\/p>\n<p>&nbsp;<\/p>\n<p><span class='et-dropcap' style=\"font-size: 60px; color: #1da8b2;\">L<\/span>e Content Manager signifie gestionnaire de contenus en anglais. Il est donc en charge de la strat\u00e9gie \u00e9ditoriale qui aura pour but d&rsquo;attirer les visiteurs sur le site et de les convertir.<\/p>\n<h3>Un r\u00f4le polyvalent et riche demandant une grande souplesse<\/h3>\n<p align=\"JUSTIFY\">Le Content Manager est au centre de la strat\u00e9gie \u00e9ditoriale des blogs et des publications sur les m\u00e9dias sociaux. Sa relation avec les influenceurs rev\u00eat une importance grandissante<\/p>\n<ul>\n<li>les publications d&rsquo;articles sur le Blog<\/li>\n<li>la diffusion des Ebooks et Livres Blancs<\/li>\n<li>les publications sur les R\u00e9seaux Sociaux<\/li>\n<li>les emailings<\/li>\n<li>le marketing automation<\/li>\n<li>le marketing d&rsquo;influence<\/li>\n<li>les relations publiques<\/li>\n<\/ul>\n<p align=\"JUSTIFY\">Attention \u00e0 la confusion assez r\u00e9currente avec le r\u00f4le du Community Manager qui est charg\u00e9 de faire vivre des r\u00e9seaux sociaux et leurs communaut\u00e9s gr\u00e2ce au partage de contenus. Le content manager va aussi g\u00e9rer le partage des contenus sociaux mais champ d&rsquo;action est bien plus grand. La polyvalence du Content Manager va l&rsquo;amener \u00e0 notamment \u00e0 \u00e9laborer des strat\u00e9gies. Le Content Manager trouve son essence dans l&rsquo;\u00e9ditorial. Il participe \u00e0 la r\u00e9daction, la cr\u00e9ation et la validation de contenus pour le web.\u00a0 Son r\u00f4le de chef d&rsquo;orchestre rejoint celui du chef de r\u00e9daction, celui du chef de projet marketing avec la strat\u00e9gie \u00e9ditoriale et celui du web manager, en charge du r\u00e9f\u00e9rencement et de la publication des contenus. Des qualit\u00e9s d&rsquo;adaptabilit\u00e9 et de souplesse sont donc n\u00e9cessairement requises pour endosser ce r\u00f4le tr\u00e8s riche et polyvalent.<\/p>\n<span class=\"et_bloom_bottom_trigger\"><\/span>","protected":false},"excerpt":{"rendered":"<p>Le r\u00f4le du Content Manager a pris de l&rsquo;ampleur ces derni\u00e8res ann\u00e9es avec l&rsquo;importante progression du Web des donn\u00e9es. Le contenu est devenu une valeur essentielle dans la communication sur les M\u00e9dias Sociaux.<\/p>\n","protected":false},"author":1,"featured_media":773,"parent":0,"menu_order":0,"comment_status":"closed","ping_status":"closed","template":"page-gallery.php","meta":{"footnotes":""},"class_list":["post-31","page","type-page","status-publish","has-post-thumbnail","hentry"],"_links":{"self":[{"href":"http:\/\/valeriehount.com\/ctm_blog\/wp-json\/wp\/v2\/pages\/31","targetHints":{"allow":["GET"]}}],"collection":[{"href":"http:\/\/valeriehount.com\/ctm_blog\/wp-json\/wp\/v2\/pages"}],"about":[{"href":"http:\/\/valeriehount.com\/ctm_blog\/wp-json\/wp\/v2\/types\/page"}],"author":[{"embeddable":true,"href":"http:\/\/valeriehount.com\/ctm_blog\/wp-json\/wp\/v2\/users\/1"}],"replies":[{"embeddable":true,"href":"http:\/\/valeriehount.com\/ctm_blog\/wp-json\/wp\/v2\/comments?post=31"}],"version-history":[{"count":4,"href":"http:\/\/valeriehount.com\/ctm_blog\/wp-json\/wp\/v2\/pages\/31\/revisions"}],"predecessor-version":[{"id":786,"href":"http:\/\/valeriehount.com\/ctm_blog\/wp-json\/wp\/v2\/pages\/31\/revisions\/786"}],"wp:featuredmedia":[{"embeddable":true,"href":"http:\/\/valeriehount.com\/ctm_blog\/wp-json\/wp\/v2\/media\/773"}],"wp:attachment":[{"href":"http:\/\/valeriehount.com\/ctm_blog\/wp-json\/wp\/v2\/media?parent=31"}],"curies":[{"name":"wp","href":"https:\/\/api.w.org\/{rel}","templated":true}]}}