{"id":29,"date":"2017-08-01T16:22:21","date_gmt":"2017-08-01T14:22:21","guid":{"rendered":"http:\/\/valeriehount.com\/ctm_blog\/?page_id=29"},"modified":"2018-04-12T06:02:24","modified_gmt":"2018-04-12T04:02:24","slug":"pratique-content-management","status":"publish","type":"page","link":"http:\/\/valeriehount.com\/ctm_blog\/pratique-content-management\/","title":{"rendered":"La Pratique du Content Management"},"content":{"rendered":"<p>La pratique du Content Management s&rsquo;inscrit dans le cadre d\u2019une strat\u00e9gie globale de marketing, le content manager ou responsable de contenu num\u00e9rique cr\u00e9e et g\u00e8re des contenus num\u00e9riques sur le web pour une marque, une entreprise ou une institution afin d\u2019optimiser la relation client.<\/p>\n<p><!--more--><br \/>\n<span class='et-dropcap' style=\"font-size: 60px; color: #1da8b2;\">S<\/span>on p\u00e9rim\u00e8tre d\u2019action est multicanal et multi support en lien avec les diff\u00e9rents m\u00e9tiers du marketing\/<\/p>\n<ul>\n<li>Responsable\/charg\u00e9 de contenu marketing web<\/li>\n<li>Content digital marketing manager<\/li>\n<li>Marketing content strategist<\/li>\n<li>Coordinateur des contenus marketing<\/li>\n<\/ul>\n<h3>Activit\u00e9s principales<\/h3>\n<div class=\"coverwt-head gutters headerPush-content\">\n<div class=\"head-textcell wrapper-script headTextcell wrapperScript\">\n<ul>\n<li>Cr\u00e9ation et gestion de sites web<\/li>\n<li>D\u00e9finition du site et de son arborescence, \u00e0 partir de la charte UX<\/li>\n<li>R\u00e9daction du cahier des charges avec d\u00e9finition de la charte \u00e9ditoriale<\/li>\n<li>D\u00e9finition de la charte graphique<\/li>\n<li>Relations avec les agences web<\/li>\n<li>Inventaire des contenus<\/li>\n<li>\u00c9laboration des maquettes fil de fer : arborescence, modes d&rsquo;acc\u00e8s, bases de donn\u00e9es, navigation, moteur de recherche, fonctionnalit\u00e9s, ergonomie&#8230;<\/li>\n<li>Gestion des noms de domaine et r\u00e9f\u00e9rencement du site aupr\u00e8s des annuaires et moteurs de recherche<\/li>\n<li>Gestion des relations avec l&rsquo;h\u00e9bergeur, interne ou externe<\/li>\n<li>Gestion des aspects juridiques (CNIL&#8230;)<\/li>\n<li>Veille sur les outils multim\u00e9dias et logiciels<\/li>\n<\/ul>\n<p>&nbsp;<\/p>\n<h3>Gestion \u00e9ditoriale et animation d&rsquo;un site<\/h3>\n<ul>\n<li>Planification des contenus et calendrier de mise en ligne<\/li>\n<li>Recherche des contenus, collecte des informations et du travail des contributeurs<\/li>\n<li>Cr\u00e9ation de gabarits, templates<\/li>\n<li>S\u00e9lection, r\u00e9daction et validation des contenus en accord avec la charte \u00e9ditoriale et la strat\u00e9gie de communication<\/li>\n<li>Organisation et v\u00e9rification de l&rsquo;acc\u00e8s \u00e0 l&rsquo;information et aux documents<\/li>\n<li>Animation du r\u00e9seau des contributeurs: assistance, formation, gestion des droits<\/li>\n<\/ul>\n<p>&nbsp;<\/p>\n<h3>\u00c9valuation du site et gestion de la qualit\u00e9<\/h3>\n<ul>\n<li>Suivi et analyse du trafic du site, interpr\u00e9tation des statistiques<\/li>\n<li>D\u00e9veloppement du trafic du site : \u00e9largissement des publics, r\u00e9vision du r\u00e9f\u00e9rencement, promotion&#8230;<\/li>\n<li>\u00c9valuation de la qualit\u00e9 des contenus : conception et mise en ligne de formulaires, r\u00e9alisation d&rsquo;enqu\u00eates de connaissance et de satisfaction des usagers<\/li>\n<li>Gestion des relations avec les utilisateurs du site: r\u00e9ponse aux emails, animation de communaut\u00e9s<\/li>\n<\/ul>\n<p>&nbsp;<\/p>\n<\/div>\n<\/div>\n<p>&nbsp;<\/p>\n<p>&nbsp;<\/p>\n<span class=\"et_bloom_bottom_trigger\"><\/span>","protected":false},"excerpt":{"rendered":"<p>La pratique du Content Management s&rsquo;inscrit dans le cadre d\u2019une strat\u00e9gie globale de marketing, le content manager ou responsable de contenu num\u00e9rique cr\u00e9e et g\u00e8re des contenus num\u00e9riques sur le web pour une marque, une entreprise ou une institution afin d\u2019optimiser la relation client.<\/p>\n","protected":false},"author":1,"featured_media":759,"parent":0,"menu_order":0,"comment_status":"closed","ping_status":"closed","template":"page-gallery.php","meta":{"footnotes":""},"class_list":["post-29","page","type-page","status-publish","has-post-thumbnail","hentry"],"_links":{"self":[{"href":"http:\/\/valeriehount.com\/ctm_blog\/wp-json\/wp\/v2\/pages\/29","targetHints":{"allow":["GET"]}}],"collection":[{"href":"http:\/\/valeriehount.com\/ctm_blog\/wp-json\/wp\/v2\/pages"}],"about":[{"href":"http:\/\/valeriehount.com\/ctm_blog\/wp-json\/wp\/v2\/types\/page"}],"author":[{"embeddable":true,"href":"http:\/\/valeriehount.com\/ctm_blog\/wp-json\/wp\/v2\/users\/1"}],"replies":[{"embeddable":true,"href":"http:\/\/valeriehount.com\/ctm_blog\/wp-json\/wp\/v2\/comments?post=29"}],"version-history":[{"count":4,"href":"http:\/\/valeriehount.com\/ctm_blog\/wp-json\/wp\/v2\/pages\/29\/revisions"}],"predecessor-version":[{"id":787,"href":"http:\/\/valeriehount.com\/ctm_blog\/wp-json\/wp\/v2\/pages\/29\/revisions\/787"}],"wp:featuredmedia":[{"embeddable":true,"href":"http:\/\/valeriehount.com\/ctm_blog\/wp-json\/wp\/v2\/media\/759"}],"wp:attachment":[{"href":"http:\/\/valeriehount.com\/ctm_blog\/wp-json\/wp\/v2\/media?parent=29"}],"curies":[{"name":"wp","href":"https:\/\/api.w.org\/{rel}","templated":true}]}}