{"id":270,"date":"2017-08-03T10:41:13","date_gmt":"2017-08-03T08:41:13","guid":{"rendered":"http:\/\/valeriehount.com\/ctm_blog\/?page_id=270"},"modified":"2018-04-12T04:59:47","modified_gmt":"2018-04-12T02:59:47","slug":"formations-content-manager","status":"publish","type":"page","link":"http:\/\/valeriehount.com\/ctm_blog\/formations-content-manager\/","title":{"rendered":"Se former"},"content":{"rendered":"\n\t\t<div class='et_quote quote-center'>\n\t\t\t<div class='et_right_quote'>\n\t\t\t\t<p>Ne vous trompez pas de formation. Ce ne sont pas les contenus techniques des programmes qui vous aideront \u00e0 r\u00e9ussir dans un m\u00e9tier. <a href=\"http:\/\/www.canalacademie.com\/ida324-Daniel-Jouve-un-humaniste-chasseur-de-tetes.html\" target=\"_blank\" rel=\"noopener\">Daniel Jouve<\/a>\n\t\t\t\t<span class='et_quote_additional_sign'><\/span>\n\t\t\t<\/div>\n\t\t\t<span class='et_quote_sign'><\/span>\n\t\t<\/div>\n\t\n<p>&nbsp;<\/p>\n<span class=\"et_bloom_bottom_trigger\"><\/span>","protected":false},"excerpt":{"rendered":"<p>&nbsp;<\/p>\n","protected":false},"author":1,"featured_media":769,"parent":0,"menu_order":0,"comment_status":"closed","ping_status":"closed","template":"page-template-portfolio.php","meta":{"footnotes":""},"class_list":["post-270","page","type-page","status-publish","has-post-thumbnail","hentry"],"_links":{"self":[{"href":"http:\/\/valeriehount.com\/ctm_blog\/wp-json\/wp\/v2\/pages\/270","targetHints":{"allow":["GET"]}}],"collection":[{"href":"http:\/\/valeriehount.com\/ctm_blog\/wp-json\/wp\/v2\/pages"}],"about":[{"href":"http:\/\/valeriehount.com\/ctm_blog\/wp-json\/wp\/v2\/types\/page"}],"author":[{"embeddable":true,"href":"http:\/\/valeriehount.com\/ctm_blog\/wp-json\/wp\/v2\/users\/1"}],"replies":[{"embeddable":true,"href":"http:\/\/valeriehount.com\/ctm_blog\/wp-json\/wp\/v2\/comments?post=270"}],"version-history":[{"count":3,"href":"http:\/\/valeriehount.com\/ctm_blog\/wp-json\/wp\/v2\/pages\/270\/revisions"}],"predecessor-version":[{"id":770,"href":"http:\/\/valeriehount.com\/ctm_blog\/wp-json\/wp\/v2\/pages\/270\/revisions\/770"}],"wp:featuredmedia":[{"embeddable":true,"href":"http:\/\/valeriehount.com\/ctm_blog\/wp-json\/wp\/v2\/media\/769"}],"wp:attachment":[{"href":"http:\/\/valeriehount.com\/ctm_blog\/wp-json\/wp\/v2\/media?parent=270"}],"curies":[{"name":"wp","href":"https:\/\/api.w.org\/{rel}","templated":true}]}}