{"id":138,"date":"2017-08-02T00:16:04","date_gmt":"2017-08-01T22:16:04","guid":{"rendered":"http:\/\/valeriehount.com\/ctm_blog\/?page_id=138"},"modified":"2018-04-12T04:10:39","modified_gmt":"2018-04-12T02:10:39","slug":"mission","status":"publish","type":"page","link":"http:\/\/valeriehount.com\/ctm_blog\/mission\/","title":{"rendered":"Mission"},"content":{"rendered":"<h3>La raison d&rsquo;\u00eatre de ce blog<\/h3>\n<p>Informer, proposer du contenu sur le nouveau m\u00e9tier de Content Manager et ses diff\u00e9rentes th\u00e9matiques.<br \/>\nSensibiliser les entreprises et leur apporter des solutions pour recruter un Content Manager.<br \/>\nInspirer les acteurs du web \u00e0 \u00e9changer et partager autour d&rsquo;une passion commune pour le Digital et l&rsquo;\u00c9ditorial.<br \/>\nApporter des pistes et des conseils aux \u00e9tudiants et \u00e0 toute personne souhaitant se former pour devenir Content Manager.<\/p>\n<span class=\"et_bloom_bottom_trigger\"><\/span>","protected":false},"excerpt":{"rendered":"<p>La raison d&rsquo;\u00eatre de ce blog Informer, proposer du contenu sur le nouveau m\u00e9tier de Content Manager et ses diff\u00e9rentes th\u00e9matiques. Sensibiliser les entreprises et leur apporter des solutions pour recruter un Content Manager. Inspirer les acteurs du web \u00e0 \u00e9changer et partager autour d&rsquo;une passion commune pour le Digital et l&rsquo;\u00c9ditorial. Apporter des pistes [&hellip;]<\/p>\n","protected":false},"author":1,"featured_media":0,"parent":0,"menu_order":0,"comment_status":"closed","ping_status":"closed","template":"","meta":{"footnotes":""},"class_list":["post-138","page","type-page","status-publish","hentry"],"_links":{"self":[{"href":"http:\/\/valeriehount.com\/ctm_blog\/wp-json\/wp\/v2\/pages\/138","targetHints":{"allow":["GET"]}}],"collection":[{"href":"http:\/\/valeriehount.com\/ctm_blog\/wp-json\/wp\/v2\/pages"}],"about":[{"href":"http:\/\/valeriehount.com\/ctm_blog\/wp-json\/wp\/v2\/types\/page"}],"author":[{"embeddable":true,"href":"http:\/\/valeriehount.com\/ctm_blog\/wp-json\/wp\/v2\/users\/1"}],"replies":[{"embeddable":true,"href":"http:\/\/valeriehount.com\/ctm_blog\/wp-json\/wp\/v2\/comments?post=138"}],"version-history":[{"count":3,"href":"http:\/\/valeriehount.com\/ctm_blog\/wp-json\/wp\/v2\/pages\/138\/revisions"}],"predecessor-version":[{"id":775,"href":"http:\/\/valeriehount.com\/ctm_blog\/wp-json\/wp\/v2\/pages\/138\/revisions\/775"}],"wp:attachment":[{"href":"http:\/\/valeriehount.com\/ctm_blog\/wp-json\/wp\/v2\/media?parent=138"}],"curies":[{"name":"wp","href":"https:\/\/api.w.org\/{rel}","templated":true}]}}