{"id":136,"date":"2017-08-02T00:10:55","date_gmt":"2017-08-01T22:10:55","guid":{"rendered":"http:\/\/valeriehount.com\/ctm_blog\/?page_id=136"},"modified":"2020-12-03T01:12:02","modified_gmt":"2020-12-03T00:12:02","slug":"a-propos","status":"publish","type":"page","link":"http:\/\/valeriehount.com\/ctm_blog\/a-propos\/","title":{"rendered":"A propos"},"content":{"rendered":"<p>Le monde du web est une passion. Lancer mon propre blog est devenu une \u00e9vidence pour moi apr\u00e8s une sp\u00e9cialisation en Content Managerment. En premier lieu pour communiquer sur ce qui me motive mais aussi pour \u00eatre pr\u00e9sente et visible sur le net.<\/p>\n<p>&nbsp;<\/p>\n<p><img loading=\"lazy\" decoding=\"async\" class=\"alignnone wp-image-747 size-medium\" src=\"http:\/\/valeriehount.com\/ctm_blog\/wp-content\/uploads\/2018\/04\/vh-187x300.jpeg\" alt=\"Val\u00e9rie Hountch\u00e9gnon - Content Manager\" width=\"187\" height=\"300\" srcset=\"http:\/\/valeriehount.com\/ctm_blog\/wp-content\/uploads\/2018\/04\/vh-187x301.jpeg 187w, http:\/\/valeriehount.com\/ctm_blog\/wp-content\/uploads\/2018\/04\/vh-768x1235.jpeg 768w, http:\/\/valeriehount.com\/ctm_blog\/wp-content\/uploads\/2018\/04\/vh-637x1024.jpeg 637w, http:\/\/valeriehount.com\/ctm_blog\/wp-content\/uploads\/2018\/04\/vh-610x981.jpeg 610w, http:\/\/valeriehount.com\/ctm_blog\/wp-content\/uploads\/2018\/04\/vh-220x354.jpeg 220w, http:\/\/valeriehount.com\/ctm_blog\/wp-content\/uploads\/2018\/04\/vh-453x728.jpeg 453w, http:\/\/valeriehount.com\/ctm_blog\/wp-content\/uploads\/2018\/04\/vh.jpeg 1775w\" sizes=\"auto, (max-width: 187px) 100vw, 187px\" \/><\/p>\n<p>&nbsp;<\/p>\n<span class=\"et_bloom_bottom_trigger\"><\/span>","protected":false},"excerpt":{"rendered":"<p>Le monde du web est une passion. Lancer mon propre blog est devenu une \u00e9vidence pour moi apr\u00e8s une sp\u00e9cialisation en Content Managerment. En premier lieu pour communiquer sur ce qui me motive mais aussi pour \u00eatre pr\u00e9sente et visible sur le net. &nbsp; &nbsp;<\/p>\n","protected":false},"author":1,"featured_media":440,"parent":0,"menu_order":0,"comment_status":"closed","ping_status":"closed","template":"","meta":{"footnotes":""},"class_list":["post-136","page","type-page","status-publish","has-post-thumbnail","hentry"],"_links":{"self":[{"href":"http:\/\/valeriehount.com\/ctm_blog\/wp-json\/wp\/v2\/pages\/136","targetHints":{"allow":["GET"]}}],"collection":[{"href":"http:\/\/valeriehount.com\/ctm_blog\/wp-json\/wp\/v2\/pages"}],"about":[{"href":"http:\/\/valeriehount.com\/ctm_blog\/wp-json\/wp\/v2\/types\/page"}],"author":[{"embeddable":true,"href":"http:\/\/valeriehount.com\/ctm_blog\/wp-json\/wp\/v2\/users\/1"}],"replies":[{"embeddable":true,"href":"http:\/\/valeriehount.com\/ctm_blog\/wp-json\/wp\/v2\/comments?post=136"}],"version-history":[{"count":35,"href":"http:\/\/valeriehount.com\/ctm_blog\/wp-json\/wp\/v2\/pages\/136\/revisions"}],"predecessor-version":[{"id":889,"href":"http:\/\/valeriehount.com\/ctm_blog\/wp-json\/wp\/v2\/pages\/136\/revisions\/889"}],"wp:featuredmedia":[{"embeddable":true,"href":"http:\/\/valeriehount.com\/ctm_blog\/wp-json\/wp\/v2\/media\/440"}],"wp:attachment":[{"href":"http:\/\/valeriehount.com\/ctm_blog\/wp-json\/wp\/v2\/media?parent=136"}],"curies":[{"name":"wp","href":"https:\/\/api.w.org\/{rel}","templated":true}]}}